{"id":233,"date":"2017-02-11T20:58:22","date_gmt":"2017-02-11T20:58:22","guid":{"rendered":"http:\/\/thrive.loveriotco.com\/?page_id=233"},"modified":"2022-02-03T09:49:54","modified_gmt":"2022-02-03T08:49:54","slug":"contact","status":"publish","type":"page","link":"https:\/\/www.nathurelements.com\/index.php\/contact\/","title":{"rendered":"Contact"},"content":{"rendered":"\t\t<div data-elementor-type=\"wp-page\" data-elementor-id=\"233\" class=\"elementor elementor-233\" data-elementor-settings=\"[]\">\n\t\t\t\t\t\t\t<div class=\"elementor-section-wrap\">\n\t\t\t\t\t\t\t<section class=\"elementor-section elementor-top-section elementor-element elementor-element-adfbed1 elementor-section-boxed elementor-section-height-default elementor-section-height-default\" data-id=\"adfbed1\" data-element_type=\"section\">\n\t\t\t\t\t\t<div class=\"elementor-container elementor-column-gap-default\">\n\t\t\t\t\t<div class=\"elementor-column elementor-col-66 elementor-top-column elementor-element elementor-element-38350c0\" data-id=\"38350c0\" data-element_type=\"column\">\n\t\t\t<div class=\"elementor-widget-wrap elementor-element-populated\">\n\t\t\t\t\t\t\t\t<div class=\"elementor-element elementor-element-4a272a2 elementor-widget elementor-widget-image\" data-id=\"4a272a2\" data-element_type=\"widget\" data-widget_type=\"image.default\">\n\t\t\t\t<div class=\"elementor-widget-container\">\n\t\t\t<style>\/*! elementor - v3.5.4 - 23-01-2022 *\/\n.elementor-widget-image{text-align:center}.elementor-widget-image a{display:inline-block}.elementor-widget-image a img[src$=\".svg\"]{width:48px}.elementor-widget-image img{vertical-align:middle;display:inline-block}<\/style>\t\t\t\t\t\t\t\t\t\t\t\t<img loading=\"lazy\" decoding=\"async\" width=\"600\" height=\"600\" src=\"https:\/\/www.nathurelements.com\/wp-content\/uploads\/2022\/02\/Shooting-27-600x600.jpg\" class=\"attachment-woocommerce_thumbnail size-woocommerce_thumbnail\" alt=\"\" srcset=\"https:\/\/www.nathurelements.com\/wp-content\/uploads\/2022\/02\/Shooting-27-600x600.jpg 600w, https:\/\/www.nathurelements.com\/wp-content\/uploads\/2022\/02\/Shooting-27-150x150.jpg 150w, https:\/\/www.nathurelements.com\/wp-content\/uploads\/2022\/02\/Shooting-27-800x800.jpg 800w, https:\/\/www.nathurelements.com\/wp-content\/uploads\/2022\/02\/Shooting-27-100x100.jpg 100w\" sizes=\"auto, (max-width: 600px) 100vw, 600px\" \/>\t\t\t\t\t\t\t\t\t\t\t\t\t\t\t<\/div>\n\t\t\t\t<\/div>\n\t\t\t\t\t<\/div>\n\t\t<\/div>\n\t\t\t\t<div class=\"elementor-column elementor-col-33 elementor-top-column elementor-element elementor-element-0bca8f0\" data-id=\"0bca8f0\" data-element_type=\"column\">\n\t\t\t<div class=\"elementor-widget-wrap elementor-element-populated\">\n\t\t\t\t\t\t\t\t<div class=\"elementor-element elementor-element-7f07217 elementor-widget elementor-widget-text-editor\" data-id=\"7f07217\" data-element_type=\"widget\" data-widget_type=\"text-editor.default\">\n\t\t\t\t<div class=\"elementor-widget-container\">\n\t\t\t<style>\/*! elementor - v3.5.4 - 23-01-2022 *\/\n.elementor-widget-text-editor.elementor-drop-cap-view-stacked .elementor-drop-cap{background-color:#818a91;color:#fff}.elementor-widget-text-editor.elementor-drop-cap-view-framed .elementor-drop-cap{color:#818a91;border:3px solid;background-color:transparent}.elementor-widget-text-editor:not(.elementor-drop-cap-view-default) .elementor-drop-cap{margin-top:8px}.elementor-widget-text-editor:not(.elementor-drop-cap-view-default) .elementor-drop-cap-letter{width:1em;height:1em}.elementor-widget-text-editor .elementor-drop-cap{float:left;text-align:center;line-height:1;font-size:50px}.elementor-widget-text-editor .elementor-drop-cap-letter{display:inline-block}<\/style>\t\t\t\t<p dir=\"ltr\" style=\"line-height: 1.3800000000000001; margin-right: 45pt; margin-top: 0pt; margin-bottom: 7pt;\"><span style=\"font-size: 13.999999999999998pt; font-family: 'Libre Baskerville',serif; color: #54595f; background-color: transparent; font-weight: 400; font-style: normal; font-variant: normal; text-decoration: none; vertical-align: baseline; white-space: pre-wrap;\">\u00abNathur\u2019\u00e9l\u00e9ments\u00bb vous accompagne dans tous vos projets floraux.<\/span><\/p>\n<p dir=\"ltr\" style=\"line-height: 1.3800000000000001; margin-right: 45pt; margin-top: 0pt; margin-bottom: 7pt;\"><span style=\"font-size: 13.999999999999998pt; font-family: 'Libre Baskerville',serif; color: #54595f; background-color: transparent; font-weight: 400; font-style: normal; font-variant: normal; text-decoration: none; vertical-align: baseline; white-space: pre-wrap;\">Qu\u2019ils soient priv\u00e9s ou professionnels, Muriel est \u00e0 votre \u00e9coute et met \u00e0 disposition ses comp\u00e9tences&nbsp;.<\/span><\/p>\n<p dir=\"ltr\" style=\"line-height: 1.3800000000000001; margin-right: 45pt; margin-top: 0pt; margin-bottom: 7pt;\"><span style=\"font-size: 13.999999999999998pt; font-family: 'Libre Baskerville',serif; color: #54595f; background-color: transparent; font-weight: 400; font-style: normal; font-variant: normal; text-decoration: none; vertical-align: baseline; white-space: pre-wrap;\">Pour tous renseignements compl\u00e9mentaires, n\u2019h\u00e9sitez pas \u00e0 lui t\u00e9l\u00e9phoner au 06.26.05.32.75, ou lui&nbsp; laisser vos coordonn\u00e9es soit sur <\/span><a style=\"text-decoration: none;\" href=\"mailto:muriel@nathurelements.com\"><span style=\"font-size: 13.999999999999998pt; font-family: 'Libre Baskerville',serif; color: #000080; background-color: transparent; font-weight: 400; font-style: normal; font-variant: normal; text-decoration: underline; -webkit-text-decoration-skip: none; text-decoration-skip-ink: none; vertical-align: baseline; white-space: pre-wrap;\">muriel@nathurelements.com<\/span><\/a><span style=\"font-size: 13.999999999999998pt; font-family: 'Libre Baskerville',serif; color: #54595f; background-color: transparent; font-weight: 400; font-style: normal; font-variant: normal; text-decoration: none; vertical-align: baseline; white-space: pre-wrap;\"> ou en compl\u00e9tant le formulaire ci -dessous.<\/span><\/p>\n<p dir=\"ltr\" style=\"line-height: 1.3800000000000001; margin-right: 45pt; margin-top: 0pt; margin-bottom: 7pt;\"><span style=\"font-size: 13.999999999999998pt; font-family: 'Libre Baskerville',serif; color: #54595f; background-color: transparent; font-weight: 400; font-style: normal; font-variant: normal; text-decoration: none; vertical-align: baseline; white-space: pre-wrap;\">Uniquement sur commande<\/span><\/p>\n<p dir=\"ltr\" style=\"line-height: 1.3800000000000001; margin-right: 45pt; margin-top: 0pt; margin-bottom: 7pt;\"><span style=\"font-size: 13.999999999999998pt; font-family: 'Libre Baskerville',serif; color: #54595f; background-color: transparent; font-weight: 400; font-style: normal; font-variant: normal; text-decoration: none; vertical-align: baseline; white-space: pre-wrap;\">Alsace &#8211; Haut-Rhin<br><\/span><\/p>\t\t\t\t\t\t<\/div>\n\t\t\t\t<\/div>\n\t\t\t\t\t<\/div>\n\t\t<\/div>\n\t\t\t\t\t\t\t<\/div>\n\t\t<\/section>\n\t\t\t\t<section class=\"elementor-section elementor-top-section elementor-element elementor-element-40b872ef elementor-section-boxed elementor-section-height-default elementor-section-height-default\" data-id=\"40b872ef\" data-element_type=\"section\">\n\t\t\t\t\t\t<div class=\"elementor-container elementor-column-gap-default\">\n\t\t\t\t\t<div class=\"elementor-column elementor-col-100 elementor-top-column elementor-element elementor-element-3485c541\" data-id=\"3485c541\" data-element_type=\"column\">\n\t\t\t<div class=\"elementor-widget-wrap elementor-element-populated\">\n\t\t\t\t\t\t\t\t<div class=\"elementor-element elementor-element-1b6afa6f elementor-widget elementor-widget-text-editor\" data-id=\"1b6afa6f\" data-element_type=\"widget\" data-widget_type=\"text-editor.default\">\n\t\t\t\t<div class=\"elementor-widget-container\">\n\t\t\t\t\t\t\t<p><!-- wp:spacer {\"height\":25} --><\/p>\n<div class=\"wp-block-spacer\" style=\"height: 25px;\" aria-hidden=\"true\">&nbsp;<\/div>\n<p><!-- \/wp:spacer --><!-- wp:columns {\"verticalAlignment\":\"center\",\"className\":\"has-2-columns\"} --><\/p>\n\n<p><!-- \/wp:columns --><!-- wp:shortcode --><\/p>\n<p><div role=\"form\" class=\"wpcf7\" id=\"wpcf7-f3986-o1\" lang=\"en-US\" dir=\"ltr\">\n<div class=\"screen-reader-response\"><p role=\"status\" aria-live=\"polite\" aria-atomic=\"true\"><\/p> <ul><\/ul><\/div>\n<form action=\"\/index.php\/wp-json\/wp\/v2\/pages\/233#wpcf7-f3986-o1\" method=\"post\" class=\"wpcf7-form init\" novalidate=\"novalidate\" data-status=\"init\">\n<div style=\"display: none;\">\n<input type=\"hidden\" name=\"_wpcf7\" value=\"3986\" \/>\n<input type=\"hidden\" name=\"_wpcf7_version\" value=\"5.5.4\" \/>\n<input type=\"hidden\" name=\"_wpcf7_locale\" value=\"en_US\" \/>\n<input type=\"hidden\" name=\"_wpcf7_unit_tag\" value=\"wpcf7-f3986-o1\" \/>\n<input type=\"hidden\" name=\"_wpcf7_container_post\" value=\"0\" \/>\n<input type=\"hidden\" name=\"_wpcf7_posted_data_hash\" value=\"\" \/>\n<\/div>\n<p><label> Votre nom *<br \/>\n    <span class=\"wpcf7-form-control-wrap your-name\"><input type=\"text\" name=\"your-name\" value=\"\" size=\"40\" class=\"wpcf7-form-control wpcf7-text wpcf7-validates-as-required\" aria-required=\"true\" aria-invalid=\"false\" \/><\/span> <\/label><\/p>\n<p><label> Votre Email*<br \/>\n    <span class=\"wpcf7-form-control-wrap your-email\"><input type=\"email\" name=\"your-email\" value=\"\" size=\"40\" class=\"wpcf7-form-control wpcf7-text wpcf7-email wpcf7-validates-as-required wpcf7-validates-as-email\" aria-required=\"true\" aria-invalid=\"false\" \/><\/span> <\/label><\/p>\n<p><label> Sujet<br \/>\n    <span class=\"wpcf7-form-control-wrap your-subject\"><input type=\"text\" name=\"your-subject\" value=\"\" size=\"40\" class=\"wpcf7-form-control wpcf7-text\" aria-invalid=\"false\" \/><\/span> <\/label><\/p>\n<p><label> Votre message<br \/>\n    <span class=\"wpcf7-form-control-wrap your-message\"><textarea name=\"your-message\" cols=\"40\" rows=\"10\" class=\"wpcf7-form-control wpcf7-textarea\" aria-invalid=\"false\"><\/textarea><\/span> <\/label><\/p>\n<p><input type=\"submit\" value=\"Envoy\u00e9\" class=\"wpcf7-form-control has-spinner wpcf7-submit\" \/><\/p>\n<p>* mentions obligatoires<\/p>\n<div class=\"wpcf7-response-output\" aria-hidden=\"true\"><\/div><\/form><\/div><\/p>\n<p><!-- \/wp:shortcode --><!-- wp:spacer {\"height\":24} --><\/p>\n<div class=\"wp-block-spacer\" style=\"height: 24px;\" aria-hidden=\"true\">&nbsp;<\/div>\n<p><!-- \/wp:spacer --><!-- wp:paragraph --><\/p>\n<p><!-- \/wp:paragraph --><\/p>\t\t\t\t\t\t<\/div>\n\t\t\t\t<\/div>\n\t\t\t\t\t<\/div>\n\t\t<\/div>\n\t\t\t\t\t\t\t<\/div>\n\t\t<\/section>\n\t\t\t\t\t\t<\/div>\n\t\t\t\t\t<\/div>\n\t\t","protected":false},"excerpt":{"rendered":"<p>\u00abNathur\u2019\u00e9l\u00e9ments\u00bb vous accompagne dans tous vos projets floraux. Qu\u2019ils soient priv\u00e9s ou professionnels, Muriel est \u00e0 votre \u00e9coute et met \u00e0 disposition ses comp\u00e9tences&nbsp;. Pour tous renseignements compl\u00e9mentaires, n\u2019h\u00e9sitez pas \u00e0 lui t\u00e9l\u00e9phoner au 06.26.05.32.75, ou lui&nbsp; laisser vos coordonn\u00e9es soit sur muriel@nathurelements.com ou en compl\u00e9tant le formulaire ci -dessous. Uniquement sur commande Alsace &#8211;<\/p>\n<a class=\"button more-link\" href=\"https:\/\/www.nathurelements.com\/index.php\/contact\/\">Read More<\/a>","protected":false},"author":1,"featured_media":0,"parent":0,"menu_order":0,"comment_status":"closed","ping_status":"closed","template":"","meta":{"_mi_skip_tracking":false,"_genesis_hide_title":false,"_genesis_hide_breadcrumbs":false,"_genesis_hide_singular_image":false,"_genesis_hide_footer_widgets":false,"_genesis_custom_body_class":"","_genesis_custom_post_class":"","_genesis_layout":"full-width-content","ngg_post_thumbnail":0,"spay_email":"","footnotes":""},"class_list":{"0":"post-233","1":"page","2":"type-page","3":"status-publish","5":"entry","6":"has-post-thumbnail"},"_links":{"self":[{"href":"https:\/\/www.nathurelements.com\/index.php\/wp-json\/wp\/v2\/pages\/233","targetHints":{"allow":["GET"]}}],"collection":[{"href":"https:\/\/www.nathurelements.com\/index.php\/wp-json\/wp\/v2\/pages"}],"about":[{"href":"https:\/\/www.nathurelements.com\/index.php\/wp-json\/wp\/v2\/types\/page"}],"author":[{"embeddable":true,"href":"https:\/\/www.nathurelements.com\/index.php\/wp-json\/wp\/v2\/users\/1"}],"replies":[{"embeddable":true,"href":"https:\/\/www.nathurelements.com\/index.php\/wp-json\/wp\/v2\/comments?post=233"}],"version-history":[{"count":9,"href":"https:\/\/www.nathurelements.com\/index.php\/wp-json\/wp\/v2\/pages\/233\/revisions"}],"predecessor-version":[{"id":4219,"href":"https:\/\/www.nathurelements.com\/index.php\/wp-json\/wp\/v2\/pages\/233\/revisions\/4219"}],"wp:attachment":[{"href":"https:\/\/www.nathurelements.com\/index.php\/wp-json\/wp\/v2\/media?parent=233"}],"curies":[{"name":"wp","href":"https:\/\/api.w.org\/{rel}","templated":true}]}}